{"id":1090,"date":"2021-10-14T15:58:13","date_gmt":"2021-10-14T15:58:13","guid":{"rendered":"http:\/\/localhost:8881\/?page_id=2"},"modified":"2026-04-28T13:34:55","modified_gmt":"2026-04-28T11:34:55","slug":"sample-page","status":"publish","type":"page","link":"https:\/\/www.snmc.pro\/","title":{"rendered":"Syndicat National des Moniteurs Canyon"},"content":{"rendered":"\n<div class=\"wp-block-cover has-parallax\"><div class=\"wp-block-cover__image-background wp-image-1192 size-large has-parallax\" style=\"background-position:50% 50%;background-image:url(https:\/\/www.snmc.pro\/wp-content\/uploads\/2024\/12\/10-1024x576.jpg)\"><\/div><span aria-hidden=\"true\" class=\"wp-block-cover__background has-background-dim\" style=\"background-color:#747c6f\"><\/span><div class=\"wp-block-cover__inner-container is-layout-flow wp-block-cover-is-layout-flow\">\n<p class=\"has-text-align-center\" style=\"font-size:25px\"><\/p>\n<\/div><\/div>\n\n\n\n<div style=\"height:30px\" aria-hidden=\"true\" class=\"wp-block-spacer\"><\/div>\n\n\n\n<p class=\"has-medium-font-size\"><strong>JORF n\u00b00130 du 8 juin 2010<\/strong>&nbsp;\u2013 Mise en application de l\u2019arr\u00eat\u00e9 du 26 mai 2010 portant cr\u00e9ation du Dipl\u00f4me d\u2019\u00c9tat de la Jeunesse, de l\u2019\u00c9ducation Populaire et du Sport (DEJEPS), sp\u00e9cialit\u00e9 \u00ab perfectionnement sportif \u00bb, mention \u00ab canyonisme \u00bb.<\/p>\n\n\n\n<p class=\"has-medium-font-size\">Cet arr\u00eat\u00e9 d\u00e9finit les conditions de formation et d\u2019exercice, officialisant ainsi le dipl\u00f4me de canyonisme.<\/p>\n\n\n\n<p class=\"has-medium-font-size\">Conform\u00e9ment aux articles L.411-1 et suivants du Code du travail, ainsi qu\u2019\u00e0 la Loi du 21 mars 1884 relative aux associations, un syndicat professionnel de forme associative est cr\u00e9\u00e9 :<\/p>\n\n\n\n<p class=\"has-text-align-center has-medium-font-size\"><strong>Syndicat National des Moniteurs Canyon (SNMC)<\/strong><\/p>\n\n\n\n<p class=\"has-medium-font-size\">Le SNMC est officiellement d\u00e9clar\u00e9 le 29 ao\u00fbt 2011.<\/p>\n\n\n\n<p class=\"has-medium-font-size\"><strong>Conditions d\u2019adh\u00e9sion<\/strong><\/p>\n\n\n\n<p class=\"has-medium-font-size\">Peuvent adh\u00e9rer au syndicat les professionnels exer\u00e7ant sous les statuts suivants :<\/p>\n\n\n\n<p class=\"has-medium-font-size\">Stagiaires en formation DEJEPS option canyonisme dans le cadre de leur convention de stage.<\/p>\n\n\n\n<p class=\"has-medium-font-size\">Salari\u00e9, travailleur ind\u00e9pendant ou en activit\u00e9 mixte ;<\/p>\n\n\n\n<p class=\"has-medium-font-size\">Titulaires d\u2019un dipl\u00f4me, titre professionnel ou certificat de qualification leur permettant d\u2019encadrer contre r\u00e9mun\u00e9ration dans les domaines du canyonisme, des sports de montagne et\/ou des activit\u00e9s de pleine nature ;<\/p>\n\n\n\n<p class=\"has-medium-font-size\"><\/p>\n\n\n\n<p><\/p>\n","protected":false},"excerpt":{"rendered":"<p>JORF n\u00b00130 du 8 juin 2010&nbsp;\u2013 Mise en application de l\u2019arr\u00eat\u00e9 du 26 mai 2010 portant cr\u00e9ation du Dipl\u00f4me d\u2019\u00c9tat de la Jeunesse, de l\u2019\u00c9ducation Populaire et du Sport (DEJEPS), sp\u00e9cialit\u00e9 \u00ab perfectionnement sportif \u00bb, mention \u00ab canyonisme \u00bb. Cet arr\u00eat\u00e9 d\u00e9finit les conditions de formation et d\u2019exercice, officialisant ainsi le dipl\u00f4me de canyonisme. Conform\u00e9ment [&hellip;]<\/p>\n","protected":false},"author":1,"featured_media":0,"parent":0,"menu_order":0,"comment_status":"closed","ping_status":"open","template":"","meta":{"footnotes":""},"class_list":["post-1090","page","type-page","status-publish","hentry"],"_links":{"self":[{"href":"https:\/\/www.snmc.pro\/index.php?rest_route=\/wp\/v2\/pages\/1090","targetHints":{"allow":["GET"]}}],"collection":[{"href":"https:\/\/www.snmc.pro\/index.php?rest_route=\/wp\/v2\/pages"}],"about":[{"href":"https:\/\/www.snmc.pro\/index.php?rest_route=\/wp\/v2\/types\/page"}],"author":[{"embeddable":true,"href":"https:\/\/www.snmc.pro\/index.php?rest_route=\/wp\/v2\/users\/1"}],"replies":[{"embeddable":true,"href":"https:\/\/www.snmc.pro\/index.php?rest_route=%2Fwp%2Fv2%2Fcomments&post=1090"}],"version-history":[{"count":8,"href":"https:\/\/www.snmc.pro\/index.php?rest_route=\/wp\/v2\/pages\/1090\/revisions"}],"predecessor-version":[{"id":2261,"href":"https:\/\/www.snmc.pro\/index.php?rest_route=\/wp\/v2\/pages\/1090\/revisions\/2261"}],"wp:attachment":[{"href":"https:\/\/www.snmc.pro\/index.php?rest_route=%2Fwp%2Fv2%2Fmedia&parent=1090"}],"curies":[{"name":"wp","href":"https:\/\/api.w.org\/{rel}","templated":true}]}}