{"id":114,"date":"2021-10-14T22:57:55","date_gmt":"2021-10-14T18:57:55","guid":{"rendered":"http:\/\/localhost:8881\/?page_id=114"},"modified":"2024-12-15T20:38:58","modified_gmt":"2024-12-15T19:38:58","slug":"radio-secours","status":"publish","type":"page","link":"https:\/\/www.snmc.pro\/?page_id=114","title":{"rendered":"Radio Secours"},"content":{"rendered":"\n<figure class=\"wp-block-image size-large\"><img loading=\"lazy\" decoding=\"async\" width=\"1024\" height=\"768\" src=\"https:\/\/www.snmc.pro\/wp-content\/uploads\/2024\/12\/07-1024x768.jpg\" alt=\"\" class=\"wp-image-1201\" srcset=\"https:\/\/www.snmc.pro\/wp-content\/uploads\/2024\/12\/07-1024x768.jpg 1024w, https:\/\/www.snmc.pro\/wp-content\/uploads\/2024\/12\/07-300x225.jpg 300w, https:\/\/www.snmc.pro\/wp-content\/uploads\/2024\/12\/07-768x576.jpg 768w, https:\/\/www.snmc.pro\/wp-content\/uploads\/2024\/12\/07-1536x1152.jpg 1536w, https:\/\/www.snmc.pro\/wp-content\/uploads\/2024\/12\/07-2048x1536.jpg 2048w\" sizes=\"auto, (max-width: 1024px) 100vw, 1024px\" \/><\/figure>\n\n\n\n<div style=\"height:30px\" aria-hidden=\"true\" class=\"wp-block-spacer\"><\/div>\n\n\n\n<p class=\"has-medium-font-size\">Dans le cadre de l\u2019alerte et de la gestion des accidents, le&nbsp;<strong>SYNDICAT NATIONAL DES MONITEURS CANYON (SNMC)<\/strong>&nbsp;est autoris\u00e9 par l\u2019ARCEP \u00e0 l\u2019utilisation de fr\u00e9quence radio permettant d\u2019acc\u00e9der aux r\u00e9seaux radio\u00e9lectriques du secours en montagne.<\/p>\n\n\n\n<p class=\"has-medium-font-size\">La possession d\u2019une radio secours n\u2019est pas obligatoire. Cependant, il peut arriver qu\u2019une zone soit non couverte par les r\u00e9seaux de la t\u00e9l\u00e9phonie mobile. La radio peut alors devenir le seul outil pour le d\u00e9clenchement et la gestion des secours.<\/p>\n\n\n\n<p class=\"has-text-align-center has-medium-font-size\">Pour information&nbsp;:&nbsp;<a rel=\"noreferrer noopener\" href=\"https:\/\/www.radios-secours-montagne.com\/\" target=\"_blank\">https:\/\/www.radios-secours-montagne.com\/<\/a><\/p>\n\n\n\n<p class=\"has-medium-font-size\">Si vous souhaitez adh\u00e9rer aux r\u00e9seaux secours, contacter le SNMC qui vous fournira&nbsp;:<\/p>\n\n\n\n<p class=\"has-medium-font-size\">L\u2019attestation de l\u2019ARCEP autorisant le&nbsp;<strong>SYNDICAT NATIONAL DES MONITEURS CANYON (SNMC)<\/strong>&nbsp;\u00e0 utiliser une fr\u00e9quence radio\u00e9lectrique et une&nbsp;attestation nominative vous autorisant \u00e0 utiliser cette fr\u00e9quence.<\/p>\n\n\n\n<p><\/p>\n","protected":false},"excerpt":{"rendered":"<p>Dans le cadre de l\u2019alerte et de la gestion des accidents, le&nbsp;SYNDICAT NATIONAL DES MONITEURS CANYON (SNMC)&nbsp;est autoris\u00e9 par l\u2019ARCEP \u00e0 l\u2019utilisation de fr\u00e9quence radio permettant d\u2019acc\u00e9der aux r\u00e9seaux radio\u00e9lectriques du secours en montagne. La possession d\u2019une radio secours n\u2019est pas obligatoire. Cependant, il peut arriver qu\u2019une zone soit non couverte par les r\u00e9seaux de [&hellip;]<\/p>\n","protected":false},"author":1,"featured_media":0,"parent":0,"menu_order":0,"comment_status":"closed","ping_status":"closed","template":"","meta":{"footnotes":""},"class_list":["post-114","page","type-page","status-publish","hentry"],"_links":{"self":[{"href":"https:\/\/www.snmc.pro\/index.php?rest_route=\/wp\/v2\/pages\/114","targetHints":{"allow":["GET"]}}],"collection":[{"href":"https:\/\/www.snmc.pro\/index.php?rest_route=\/wp\/v2\/pages"}],"about":[{"href":"https:\/\/www.snmc.pro\/index.php?rest_route=\/wp\/v2\/types\/page"}],"author":[{"embeddable":true,"href":"https:\/\/www.snmc.pro\/index.php?rest_route=\/wp\/v2\/users\/1"}],"replies":[{"embeddable":true,"href":"https:\/\/www.snmc.pro\/index.php?rest_route=%2Fwp%2Fv2%2Fcomments&post=114"}],"version-history":[{"count":0,"href":"https:\/\/www.snmc.pro\/index.php?rest_route=\/wp\/v2\/pages\/114\/revisions"}],"wp:attachment":[{"href":"https:\/\/www.snmc.pro\/index.php?rest_route=%2Fwp%2Fv2%2Fmedia&parent=114"}],"curies":[{"name":"wp","href":"https:\/\/api.w.org\/{rel}","templated":true}]}}