{"id":162,"date":"2021-12-06T17:25:12","date_gmt":"2021-12-06T13:25:12","guid":{"rendered":"http:\/\/localhost:8881\/?page_id=162"},"modified":"2026-04-28T13:40:20","modified_gmt":"2026-04-28T11:40:20","slug":"historique","status":"publish","type":"page","link":"https:\/\/www.snmc.pro\/?page_id=162","title":{"rendered":"Historique"},"content":{"rendered":"\n<div style=\"height:25px\" aria-hidden=\"true\" class=\"wp-block-spacer\"><\/div>\n\n\n\n<div class=\"wp-block-cover has-parallax\"><div class=\"wp-block-cover__image-background wp-image-1200 has-parallax\" style=\"background-position:50% 50%;background-image:url(https:\/\/www.snmc.pro\/wp-content\/uploads\/2024\/12\/03-1024x768.jpg)\"><\/div><span aria-hidden=\"true\" class=\"wp-block-cover__background has-background-dim\"><\/span><div class=\"wp-block-cover__inner-container is-layout-flow wp-block-cover-is-layout-flow\">\n<p class=\"has-text-align-center\" style=\"font-size:25px\"><strong>Historique du canyonisme<\/strong><\/p>\n<\/div><\/div>\n\n\n\n<div style=\"height:30px\" aria-hidden=\"true\" class=\"wp-block-spacer\"><\/div>\n\n\n\n<p class=\"has-medium-font-size\"><strong>L\u2019\u00e9mergence du canyonisme comme discipline professionnelle (1970-1990)<\/strong><\/p>\n\n\n\n<p class=\"has-medium-font-size\">Dans les ann\u00e9es 1970-1980, la descente de canyon conna\u00eet un essor significatif, passant d\u2019une pratique amateur \u00e0 une activit\u00e9 professionnelle. Des acteurs locaux passionn\u00e9s, ainsi que des professionnels issus d\u2019autres disciplines (sp\u00e9l\u00e9ologie, escalade, montagne, eau vive), investissent ce nouveau champ sans formation sp\u00e9cifique initiale.<\/p>\n\n\n\n<p class=\"has-medium-font-size\">En 1990, les premiers stages de formation continue en canyonisme sont propos\u00e9s par divers syndicats. Peu apr\u00e8s, la&nbsp;<strong>F\u00e9d\u00e9ration fran\u00e7aise de sp\u00e9l\u00e9ologie (FFS)<\/strong>&nbsp;et la&nbsp;<strong>F\u00e9d\u00e9ration fran\u00e7aise de la montagne et de l\u2019escalade (FFME)<\/strong>&nbsp;s\u2019impliquent en formant des moniteurs et instructeurs b\u00e9n\u00e9voles.<\/p>\n\n\n\n<p class=\"has-medium-font-size\"><strong>Structuration de la qualification professionnelle (1995-2007)<\/strong><\/p>\n\n\n\n<p class=\"has-medium-font-size\">Le minist\u00e8re des Sports collabore avec les parties prenantes pour d\u00e9finir un cadre r\u00e9glementaire. En 1995, deux mesures cl\u00e9s sont adopt\u00e9es :<\/p>\n\n\n\n<ol start=\"1\" class=\"wp-block-list\">\n<li class=\"has-medium-font-size\"><strong>L\u2019Attestation de Qualification et d\u2019Aptitude (AQA)<\/strong>\u00a0: Destin\u00e9e aux titulaires d\u2019un BEES (escalade, sp\u00e9l\u00e9ologie, cano\u00eb-kayak ou alpinisme), elle permet d\u2019enseigner le canyonisme. Pr\u00e8s de 1 000 professionnels en b\u00e9n\u00e9ficient.<\/li>\n\n\n\n<li class=\"has-medium-font-size\"><strong>Une Unit\u00e9 de Formation (UF) canyon<\/strong>\u00a0: Int\u00e9gr\u00e9e obligatoirement aux cursus des BEES concern\u00e9s (escalade, sp\u00e9l\u00e9ologie, alpinisme).<\/li>\n<\/ol>\n\n\n\n<p class=\"has-medium-font-size\">Un compl\u00e9ment intervient en 1996 : les titulaires de ces BEES d\u00e9livr\u00e9s avant 1996 peuvent suivre un stage pour valider la comp\u00e9tence canyon (d\u00e9marche facultative).<\/p>\n\n\n\n<p class=\"has-medium-font-size\">\u00c0 partir de 1995, les BEES concern\u00e9s incluent syst\u00e9matiquement une formation canyon, \u00e9largissant leurs pr\u00e9rogatives d\u2019encadrement.<\/p>\n\n\n\n<p class=\"has-medium-font-size\"><strong>\u00c9volutions r\u00e9glementaires (2004-2013)<\/strong><\/p>\n\n\n\n<p class=\"has-medium-font-size\"><strong>2004<\/strong>\u00a0: Le canyonisme est class\u00e9 parmi les activit\u00e9s en\u00a0<em>environnement sp\u00e9cifique<\/em>\u00a0(d\u00e9cret n\u00b02004-893).<\/p>\n\n\n\n<p class=\"has-medium-font-size\"><strong>2006<\/strong>\u00a0: Les accompagnateurs en moyenne montagne (DEAOM) obtiennent le droit d\u2019encadrer le canyon tropical sous conditions.<\/p>\n\n\n\n<p class=\"has-medium-font-size\"><strong>2007<\/strong>\u00a0: Toutes les qualifications sportives doivent figurer au\u00a0<strong>R\u00e9pertoire National des Certifications Professionnelles (RNCP)<\/strong>.<\/p>\n\n\n\n<p class=\"has-medium-font-size\"><strong>2013<\/strong>\u00a0: Le\u00a0<strong>DEJEPS mention canyonisme<\/strong>\u00a0devient le seul dipl\u00f4me reconnu, rempla\u00e7ant d\u00e9finitivement l\u2019UF canyon.<\/p>\n\n\n\n<p><\/p>\n","protected":false},"excerpt":{"rendered":"<p>L\u2019\u00e9mergence du canyonisme comme discipline professionnelle (1970-1990) Dans les ann\u00e9es 1970-1980, la descente de canyon conna\u00eet un essor significatif, passant d\u2019une pratique amateur \u00e0 une activit\u00e9 professionnelle. Des acteurs locaux passionn\u00e9s, ainsi que des professionnels issus d\u2019autres disciplines (sp\u00e9l\u00e9ologie, escalade, montagne, eau vive), investissent ce nouveau champ sans formation sp\u00e9cifique initiale. En 1990, les premiers [&hellip;]<\/p>\n","protected":false},"author":1,"featured_media":0,"parent":0,"menu_order":0,"comment_status":"closed","ping_status":"closed","template":"","meta":{"footnotes":""},"class_list":["post-162","page","type-page","status-publish","hentry"],"_links":{"self":[{"href":"https:\/\/www.snmc.pro\/index.php?rest_route=\/wp\/v2\/pages\/162","targetHints":{"allow":["GET"]}}],"collection":[{"href":"https:\/\/www.snmc.pro\/index.php?rest_route=\/wp\/v2\/pages"}],"about":[{"href":"https:\/\/www.snmc.pro\/index.php?rest_route=\/wp\/v2\/types\/page"}],"author":[{"embeddable":true,"href":"https:\/\/www.snmc.pro\/index.php?rest_route=\/wp\/v2\/users\/1"}],"replies":[{"embeddable":true,"href":"https:\/\/www.snmc.pro\/index.php?rest_route=%2Fwp%2Fv2%2Fcomments&post=162"}],"version-history":[{"count":2,"href":"https:\/\/www.snmc.pro\/index.php?rest_route=\/wp\/v2\/pages\/162\/revisions"}],"predecessor-version":[{"id":2263,"href":"https:\/\/www.snmc.pro\/index.php?rest_route=\/wp\/v2\/pages\/162\/revisions\/2263"}],"wp:attachment":[{"href":"https:\/\/www.snmc.pro\/index.php?rest_route=%2Fwp%2Fv2%2Fmedia&parent=162"}],"curies":[{"name":"wp","href":"https:\/\/api.w.org\/{rel}","templated":true}]}}