{"id":37,"date":"2021-10-14T21:16:11","date_gmt":"2021-10-14T17:16:11","guid":{"rendered":"http:\/\/localhost:8881\/?page_id=37"},"modified":"2026-05-08T10:01:39","modified_gmt":"2026-05-08T08:01:39","slug":"assurances","status":"publish","type":"page","link":"https:\/\/www.snmc.pro\/?page_id=37","title":{"rendered":"Assurances"},"content":{"rendered":"\n<div style=\"height:25px\" aria-hidden=\"true\" class=\"wp-block-spacer\"><\/div>\n\n\n\n<div class=\"wp-block-cover has-parallax\"><div class=\"wp-block-cover__image-background wp-image-1195 has-parallax\" style=\"background-position:50% 50%;background-image:url(https:\/\/www.snmc.pro\/wp-content\/uploads\/2024\/12\/05.jpg)\"><\/div><span aria-hidden=\"true\" class=\"wp-block-cover__background has-background-dim\"><\/span><div class=\"wp-block-cover__inner-container is-layout-flow wp-block-cover-is-layout-flow\">\n<p class=\"has-text-align-center\" style=\"font-size:30px\"><strong>Polices collectives d&rsquo;assurance<\/strong><\/p>\n<\/div><\/div>\n\n\n\n<div style=\"height:30px\" aria-hidden=\"true\" class=\"wp-block-spacer\"><\/div>\n\n\n\n<h2 class=\"wp-block-heading has-medium-font-size\" id=\"contrats-assurance\"><strong>Les diff\u00e9rents contrats propos\u00e9s sont des polices collectives d\u2019assurance \u00e0 adh\u00e9sion facultative, souscrites par l\u2019AN3S (N\u00b0 ORIAS 15002864) via ACS+, une soci\u00e9t\u00e9 de courtage en assurances (N\u00b0 ORIAS 16003234). En tant que partenaire de l\u2019AN3S, le SNMC b\u00e9n\u00e9ficie de ces contrats.<\/strong> <strong>Il est important de pr\u00e9ciser que le SNMC n\u2019agit pas en tant que mandataire d\u2019interm\u00e9diaire en assurance (MIA). Par cons\u00e9quent, le SNMC n\u2019est pas habilit\u00e9 \u00e0 fournir des recommandations sur ces contrats, \u00e0 les pr\u00e9senter ou \u00e0 en expliquer les d\u00e9tails aux adh\u00e9rents, ni \u00e0 faciliter ou proposer leur souscription.<\/strong><\/h2>\n\n\n\n<hr class=\"wp-block-separator has-alpha-channel-opacity\"\/>\n\n\n\n<h2 class=\"wp-block-heading\">Assurances CG<\/h2>\n\n\n\n<ul class=\"wp-block-list\">\n<li><a href=\"https:\/\/www.snmc.pro\/wp-content\/uploads\/2026\/02\/CG-RC-des-Prestataires-de-Services.pdf\">Conditions g\u00e9n\u00e9rales Responsabilit\u00e9 Civile des Prestataires de Services<\/a><\/li>\n\n\n\n<li><a href=\"https:\/\/www.snmc.pro\/wp-content\/uploads\/2025\/11\/Note_490009.pdf\">Fiche d&rsquo;information relative au fonctionnement des garanties \u00ab\u00a0RC\u00a0\u00bb dans le temps.<\/a><\/li>\n\n\n\n<li><a href=\"https:\/\/www.snmc.pro\/wp-content\/uploads\/2025\/12\/AN3S-PJ-CG-2026-.pdf\">Contrat d\u2019assurance de protection juridique AN3S n\u00b0 22484235004<\/a><\/li>\n<\/ul>\n\n\n\n<hr class=\"wp-block-separator has-alpha-channel-opacity\"\/>\n\n\n\n<p class=\"has-medium-font-size\"><strong>RC Pro (Contrat RC professionnelle moniteurs ind\u00e9pendants et soci\u00e9t\u00e9s unipersonnelles)<\/strong><\/p>\n\n\n\n<p class=\"has-medium-font-size\">Contrat d\u2019assurance visant \u00e0 couvrir les cons\u00e9quences p\u00e9cuniaires de la responsabilit\u00e9 civile que les moniteurs sportifs sont susceptibles d\u2019encourir, dans le cadre de l\u2019exercice de leurs activit\u00e9s professionnelles.<\/p>\n\n\n\n<p class=\"has-medium-font-size\">A compter du 01\/01\/26, les adh\u00e9rents auront d\u00e9sormais la possibilit\u00e9 de sous-traiter et de vendre ou revendre des prestations \u00e0 un autre moniteur remplissant les conditions de dipl\u00f4me requises,&nbsp;que celui-ci soit assur\u00e9 par AXA AN3S ou non.&nbsp;&nbsp;<\/p>\n\n\n\n<p class=\"has-medium-font-size\">Ce sch\u00e9ma est accept\u00e9 sans surprime, sous r\u00e9serve qu\u2019il ne soit pas r\u00e9current, que les dipl\u00f4mes soient v\u00e9rifi\u00e9s et que le moniteur hors An3s soit d\u00fbment assur\u00e9.<\/p>\n\n\n\n<p class=\"has-text-align-center has-medium-font-size\"><a href=\"https:\/\/www.snmc.pro\/wp-content\/uploads\/2026\/02\/NI-RCP-AN3S-2026.pdf\">Contrat n\u00b0 67504047304<\/a><a href=\"http:\/\/localhost:8881\/wp-content\/uploads\/2021\/12\/Contrat-_CP_AXA_AN3S_RC_RP.pdf\"><\/a><\/p>\n\n\n\n<hr class=\"wp-block-separator has-alpha-channel-opacity\"\/>\n\n\n\n<p class=\"has-medium-font-size\"><strong>Garantie Individuelle Accident des moniteurs (GIA moniteur)<\/strong><\/p>\n\n\n\n<p class=\"has-medium-font-size\">R\u00e9serv\u00e9 aux moniteurs sportifs ind\u00e9pendants, travailleurs non-salari\u00e9s sans employ\u00e9 et travailleurs salari\u00e9s.&nbsp;<\/p>\n\n\n\n<p class=\"has-text-align-center has-medium-font-size\"><a href=\"https:\/\/www.snmc.pro\/wp-content\/uploads\/2024\/12\/NI-IA-MONITEUR-SPORTS-2025.pdf\">Contrat&nbsp; n\u00b0 IA1800342<\/a><\/p>\n\n\n\n<hr class=\"wp-block-separator has-alpha-channel-opacity\"\/>\n\n\n\n<p class=\"has-medium-font-size\">&nbsp;<strong>Garantie protection des pratiquants (GIA clients)<\/strong><\/p>\n\n\n\n<p class=\"has-medium-font-size\">Les garanties sont acquises aux assur\u00e9s en cas de dommages corporels survenant exclusivement lors de leurs participations aux activit\u00e9s sportives organis\u00e9s par le coach sportif ayant adh\u00e9r\u00e9 au programme d\u2019assurance avec ACS+. A l\u2019exclusion de toutes comp\u00e9titions.<\/p>\n\n\n\n<p class=\"has-text-align-center has-medium-font-size\"><a href=\"https:\/\/www.snmc.pro\/wp-content\/uploads\/2024\/12\/NI-IA-CLIENT-2025.pdf\">Contrat n\u00b0 IA2200075<\/a><\/p>\n\n\n\n<hr class=\"wp-block-separator has-alpha-channel-opacity\"\/>\n\n\n\n<p class=\"has-medium-font-size\"><strong>Responsabilit\u00e9 civile, bureaux des guides. (Personne morale)<\/strong><\/p>\n\n\n\n<p class=\"has-medium-font-size\">Ce contrat concerne le bureau des guides qui ne facture pas les prestations, ni ne r\u00e9\u00e9num\u00e8re les moniteurs. Son r\u00f4le d&rsquo;interm\u00e9diaire, \u00e9tant uniquement la mise en relation, client moniteur.<\/p>\n\n\n\n<table id=\"tablepress-2\" class=\"tablepress tablepress-id-2\">\n<thead>\n<tr class=\"row-1\">\n\t<th class=\"column-1\">Chiffre d'affaire<strong><\/th><th class=\"column-2\">Prime (TTC)<\/strong><\/th>\n<\/tr>\n<\/thead>\n<tbody class=\"row-striping row-hover\">\n<tr class=\"row-2\">\n\t<td class=\"column-1\">? 30 000 \u20ac<\/td><td class=\"column-2\">156 \u20ac<\/td>\n<\/tr>\n<tr class=\"row-3\">\n\t<td class=\"column-1\">30 001 \u2013 60 000 \u20ac<\/td><td class=\"column-2\">312 \u20ac<\/td>\n<\/tr>\n<tr class=\"row-4\">\n\t<td class=\"column-1\">60 001 \u2013 100 000 \u20ac<\/td><td class=\"column-2\">520 \u20ac<\/td>\n<\/tr>\n<tr class=\"row-5\">\n\t<td class=\"column-1\">100 001 \u2013 200 000 \u20ac<\/td><td class=\"column-2\">1040 \u20ac<\/td>\n<\/tr>\n<tr class=\"row-6\">\n\t<td class=\"column-1\">200 001 \u2013 450 000 \u20ac<\/td><td class=\"column-2\">2340 \u20ac<\/td>\n<\/tr>\n<tr class=\"row-7\">\n\t<td class=\"column-1\">450 001 \u2013 750 000 \u20ac<\/td><td class=\"column-2\">3900 \u20ac<\/td>\n<\/tr>\n<tr class=\"row-8\">\n\t<td class=\"column-1\">> 750 000 \u20ac<\/td><td class=\"column-2\">0,52 % du CA<\/td>\n<\/tr>\n<\/tbody>\n<\/table>\n<!-- #tablepress-2 from cache -->\n\n\n\n<hr class=\"wp-block-separator has-alpha-channel-opacity\"\/>\n\n\n\n<p class=\"has-medium-font-size\"><strong>Fiche RC organisateur et prestataire de services sports et loisirs<\/strong>.<\/p>\n\n\n\n<p class=\"has-medium-font-size\">Si votre bureau ou syndicat prend en charge les encaissements, assure la promotion des activit\u00e9s et redistribue les prestations aux moniteurs, il pourrait \u00eatre consid\u00e9r\u00e9 juridiquement comme un organisateur ou un vendeur de prestations sportives. Dans ce cas, votre responsabilit\u00e9 pourrait \u00eatre engag\u00e9e, et la structure pourrait \u00eatre mise en cause ind\u00e9pendamment du moniteur impliqu\u00e9.<\/p>\n\n\n\n<p class=\"has-medium-font-size\"><strong>La RCO (Responsabilit\u00e9 Civile Prestataire et Organisateur)<\/strong>&nbsp;est requise dans les situations suivantes :<\/p>\n\n\n\n<p class=\"has-medium-font-size\">Organisation d\u2019\u00e9v\u00e9nements et de manifestations, sans limitation. Assur\u00e9s sinistr\u00e9s ou exclus du programme-cadre AN3S. Structures ou ind\u00e9pendants devant couvrir plus de sept activit\u00e9s. Bureaux de guides et de moniteurs qui facturent les prestations et r\u00e9mun\u00e8rent les moniteurs. Situations de sous-traitance ou de vente\/revente repr\u00e9sentant plus de 25 % du chiffre d\u2019affaires. Activit\u00e9s sp\u00e9cifiques non r\u00e9pertori\u00e9es dans les grilles du programme AN3S.<\/p>\n\n\n\n<p class=\"has-text-align-center has-medium-font-size\"><a href=\"https:\/\/www.snmc.pro\/wp-content\/uploads\/2026\/03\/BA-RCO-presta-et-organisation.pdf\" data-type=\"link\" data-id=\"https:\/\/www.snmc.pro\/wp-content\/uploads\/2026\/03\/BA-RCO-presta-et-organisation.pdf\">Fiche RC organisateur et prestataires de services<\/a><\/p>\n\n\n\n<hr class=\"wp-block-separator has-alpha-channel-opacity\"\/>\n\n\n\n<p class=\"has-medium-font-size\"><strong>Contrat Individuelle Accident Cordiste<\/strong> (Couverture des travaux en hauteurs et Elagage &nbsp;<\/p>\n\n\n\n<p class=\"has-text-align-center has-medium-font-size\"><a href=\"https:\/\/www.snmc.pro\/wp-content\/uploads\/2025\/12\/BA_IA_TRAVAUX_HAUTEUR_2026.pdf\">Contrat n\u00b0 IA2201706<\/a><\/p>\n\n\n\n<hr class=\"wp-block-separator has-alpha-channel-opacity\"\/>\n\n\n\n<p class=\"has-medium-font-size\"><strong>RC nettoyage de vitres<\/strong> \/ <strong>RC r\u00e9paration et multirisques<\/strong><br>Contrats sp\u00e9cifiques sur demande <\/p>\n\n\n\n<p><\/p>\n","protected":false},"excerpt":{"rendered":"<p>Les diff\u00e9rents contrats propos\u00e9s sont des polices collectives d\u2019assurance \u00e0 adh\u00e9sion facultative, souscrites par l\u2019AN3S (N\u00b0 ORIAS 15002864) via ACS+, une soci\u00e9t\u00e9 de courtage en assurances (N\u00b0 ORIAS 16003234). En tant que partenaire de l\u2019AN3S, le SNMC b\u00e9n\u00e9ficie de ces contrats. Il est important de pr\u00e9ciser que le SNMC n\u2019agit pas en tant que mandataire [&hellip;]<\/p>\n","protected":false},"author":1,"featured_media":0,"parent":0,"menu_order":0,"comment_status":"closed","ping_status":"closed","template":"","meta":{"footnotes":""},"class_list":["post-37","page","type-page","status-publish","hentry"],"_links":{"self":[{"href":"https:\/\/www.snmc.pro\/index.php?rest_route=\/wp\/v2\/pages\/37","targetHints":{"allow":["GET"]}}],"collection":[{"href":"https:\/\/www.snmc.pro\/index.php?rest_route=\/wp\/v2\/pages"}],"about":[{"href":"https:\/\/www.snmc.pro\/index.php?rest_route=\/wp\/v2\/types\/page"}],"author":[{"embeddable":true,"href":"https:\/\/www.snmc.pro\/index.php?rest_route=\/wp\/v2\/users\/1"}],"replies":[{"embeddable":true,"href":"https:\/\/www.snmc.pro\/index.php?rest_route=%2Fwp%2Fv2%2Fcomments&post=37"}],"version-history":[{"count":44,"href":"https:\/\/www.snmc.pro\/index.php?rest_route=\/wp\/v2\/pages\/37\/revisions"}],"predecessor-version":[{"id":2268,"href":"https:\/\/www.snmc.pro\/index.php?rest_route=\/wp\/v2\/pages\/37\/revisions\/2268"}],"wp:attachment":[{"href":"https:\/\/www.snmc.pro\/index.php?rest_route=%2Fwp%2Fv2%2Fmedia&parent=37"}],"curies":[{"name":"wp","href":"https:\/\/api.w.org\/{rel}","templated":true}]}}