{"id":61,"date":"2021-10-14T21:39:41","date_gmt":"2021-10-14T17:39:41","guid":{"rendered":"http:\/\/localhost:8881\/?page_id=61"},"modified":"2026-05-12T08:52:47","modified_gmt":"2026-05-12T06:52:47","slug":"declaration-dincident","status":"publish","type":"page","link":"https:\/\/www.snmc.pro\/?page_id=61","title":{"rendered":"D\u00e9claration d&rsquo;accident"},"content":{"rendered":"\n<div class=\"wp-block-cover alignfull has-parallax\"><div class=\"wp-block-cover__image-background wp-image-1193 has-parallax\" style=\"background-position:50% 50%;background-image:url(https:\/\/www.snmc.pro\/wp-content\/uploads\/2024\/12\/08.jpg)\"><\/div><span aria-hidden=\"true\" class=\"wp-block-cover__background has-background-dim\" style=\"background-color:#656559\"><\/span><div class=\"wp-block-cover__inner-container is-layout-flow wp-block-cover-is-layout-flow\">\n<p class=\"has-text-align-center\" style=\"font-size:25px\"><strong>Utiliser le formulaire <\/strong><\/p>\n\n\n\n<p class=\"has-text-align-center\" style=\"font-size:25px\"><strong>selon le type d&rsquo;accident<\/strong><\/p>\n<\/div><\/div>\n\n\n\n<div style=\"height:10px\" aria-hidden=\"true\" class=\"wp-block-spacer\"><\/div>\n\n\n\n<h4 class=\"wp-block-heading has-text-align-center has-medium-font-size\" id=\"attention-de-bien-differencier-les-accidents-et-les-accidents-graves-fiche-sous-dessous\"><strong>Obligation de d\u00e9claration pour les exploitants d\u2019EAPS (article R.322-6 du code du sport)<\/strong><\/h4>\n\n\n\n<p class=\"has-medium-font-size\">L\u2019exploitant d\u2019un \u00e9tablissement d\u2019activit\u00e9s physiques et sportives (EAPS) doit informer le pr\u00e9fet dans les 48 heures suivant :<\/p>\n\n\n\n<p class=\"has-medium-font-size\"><strong>a) <mark style=\"background-color:#abb8c3\" class=\"has-inline-color\">Tout accident grave<\/mark><\/strong><br>Est consid\u00e9r\u00e9 comme grave tout accident qui pr\u00e9sente ou a pr\u00e9sent\u00e9 un risque s\u00e9rieux pour la sant\u00e9 des pratiquants, notamment :<\/p>\n\n\n\n<ul class=\"wp-block-list\">\n<li class=\"has-medium-font-size\">les accidents mortels,<\/li>\n\n\n\n<li class=\"has-medium-font-size\">ceux pouvant entra\u00eener la mort,<\/li>\n\n\n\n<li class=\"has-medium-font-size\">ceux dont les s\u00e9quelles risquent de provoquer une invalidit\u00e9 totale ou partielle.<\/li>\n<\/ul>\n\n\n\n<p class=\"has-medium-font-size\"><strong>b) <mark style=\"background-color:#abb8c3\" class=\"has-inline-color\">Toute situation dangereuse<\/mark><\/strong><br>Il s\u2019agit de toute situation qui pr\u00e9sente ou a pr\u00e9sent\u00e9 un risque grave, par sa probabilit\u00e9 de survenue et ses cons\u00e9quences potentielles, pour la sant\u00e9 ou la s\u00e9curit\u00e9 physique ou morale des pratiquants au sein de l\u2019\u00e9tablissement.<\/p>\n\n\n\n<p class=\"has-medium-font-size\">Modalit\u00e9s de d\u00e9claration<br>La d\u00e9claration doit \u00eatre adress\u00e9e \u00e0 la DDCS (Direction d\u00e9partementale de la coh\u00e9sion sociale et du sport) du lieu o\u00f9 s\u2019est produit l\u2019accident. Une copie doit \u00e9galement \u00eatre envoy\u00e9e \u00e0 l\u2019AN3S et au SNMC.<\/p>\n\n\n\n<div class=\"wp-block-buttons is-content-justification-center is-layout-flex wp-container-core-buttons-is-layout-16018d1d wp-block-buttons-is-layout-flex\">\n<div class=\"wp-block-button is-style-outline is-style-outline--1\"><a class=\"wp-block-button__link has-white-color has-white-background-color has-text-color has-background has-link-color has-text-align-right wp-element-button\" href=\"https:\/\/www.snmc.pro\/wp-content\/uploads\/2024\/12\/cerfa_15796-02.pdf\" style=\"border-radius:100px\">Accident grave <mark style=\"background-color:rgba(0, 0, 0, 0)\" class=\"has-inline-color has-vivid-cyan-blue-color\"><strong>T\u00e9l\u00e9charger le cerfa_15796-02<\/strong><\/mark><\/a><\/div>\n<\/div>\n\n\n\n<div style=\"height:10px\" aria-hidden=\"true\" class=\"wp-block-spacer\"><\/div>\n\n\n\n<p class=\"has-text-align-center has-medium-font-size\"><strong>Pour tout autre cas, veuillez remplir le formulaire appropri\u00e9 en ligne.<\/strong><\/p>\n\n\n\n<figure class=\"wp-block-image size-large\"><img loading=\"lazy\" decoding=\"async\" width=\"1024\" height=\"486\" src=\"https:\/\/www.snmc.pro\/wp-content\/uploads\/2026\/05\/signalement-accident-incident-1024x486.jpg\" alt=\"\" class=\"wp-image-2271\" srcset=\"https:\/\/www.snmc.pro\/wp-content\/uploads\/2026\/05\/signalement-accident-incident-1024x486.jpg 1024w, https:\/\/www.snmc.pro\/wp-content\/uploads\/2026\/05\/signalement-accident-incident-300x142.jpg 300w, https:\/\/www.snmc.pro\/wp-content\/uploads\/2026\/05\/signalement-accident-incident-768x364.jpg 768w, https:\/\/www.snmc.pro\/wp-content\/uploads\/2026\/05\/signalement-accident-incident-1536x729.jpg 1536w, https:\/\/www.snmc.pro\/wp-content\/uploads\/2026\/05\/signalement-accident-incident-2048x972.jpg 2048w\" sizes=\"auto, (max-width: 1024px) 100vw, 1024px\" \/><\/figure>\n\n\n<p><iframe aria-label='D\u00e9claration d'accident' frameborder=\"0\" style=\"height:500px;width:99%;border:none;\" src='https:\/\/forms.zohopublic.eu\/an3s1\/form\/Mledeclarationaccident\/formperma\/5bSSKbblYeLb037s05vgz10cyWfmrJThPdBOhn1N1Hc'><\/iframe><\/p>\n\n\n\n<div style=\"height:25px\" aria-hidden=\"true\" class=\"wp-block-spacer\"><\/div>\n\n\n<p><iframe aria-label='Signaler un incident \u00e0 l'AN3S' frameborder=\"0\" style=\"height:500px;width:99%;border:none;\" src='https:\/\/forms.zohopublic.eu\/an3s1\/form\/SignalerunincidentlAN3S\/formperma\/rLnqjpJrk3_te8ITnrTdxdF9-Pb8oOomRUk2fICKZ_U'><\/iframe><\/p>\n","protected":false},"excerpt":{"rendered":"<p>Obligation de d\u00e9claration pour les exploitants d\u2019EAPS (article R.322-6 du code du sport) L\u2019exploitant d\u2019un \u00e9tablissement d\u2019activit\u00e9s physiques et sportives (EAPS) doit informer le pr\u00e9fet dans les 48 heures suivant : a) Tout accident graveEst consid\u00e9r\u00e9 comme grave tout accident qui pr\u00e9sente ou a pr\u00e9sent\u00e9 un risque s\u00e9rieux pour la sant\u00e9 des pratiquants, notamment : [&hellip;]<\/p>\n","protected":false},"author":1,"featured_media":0,"parent":0,"menu_order":0,"comment_status":"closed","ping_status":"closed","template":"","meta":{"footnotes":""},"class_list":["post-61","page","type-page","status-publish","hentry"],"_links":{"self":[{"href":"https:\/\/www.snmc.pro\/index.php?rest_route=\/wp\/v2\/pages\/61","targetHints":{"allow":["GET"]}}],"collection":[{"href":"https:\/\/www.snmc.pro\/index.php?rest_route=\/wp\/v2\/pages"}],"about":[{"href":"https:\/\/www.snmc.pro\/index.php?rest_route=\/wp\/v2\/types\/page"}],"author":[{"embeddable":true,"href":"https:\/\/www.snmc.pro\/index.php?rest_route=\/wp\/v2\/users\/1"}],"replies":[{"embeddable":true,"href":"https:\/\/www.snmc.pro\/index.php?rest_route=%2Fwp%2Fv2%2Fcomments&post=61"}],"version-history":[{"count":20,"href":"https:\/\/www.snmc.pro\/index.php?rest_route=\/wp\/v2\/pages\/61\/revisions"}],"predecessor-version":[{"id":2272,"href":"https:\/\/www.snmc.pro\/index.php?rest_route=\/wp\/v2\/pages\/61\/revisions\/2272"}],"wp:attachment":[{"href":"https:\/\/www.snmc.pro\/index.php?rest_route=%2Fwp%2Fv2%2Fmedia&parent=61"}],"curies":[{"name":"wp","href":"https:\/\/api.w.org\/{rel}","templated":true}]}}