{"id":86,"date":"2021-10-14T22:23:09","date_gmt":"2021-10-14T18:23:09","guid":{"rendered":"http:\/\/localhost:8881\/?page_id=86"},"modified":"2026-02-10T15:00:48","modified_gmt":"2026-02-10T14:00:48","slug":"tarifs","status":"publish","type":"page","link":"https:\/\/www.snmc.pro\/?page_id=86","title":{"rendered":"Tarifs"},"content":{"rendered":"\n<div class=\"wp-block-cover alignfull has-parallax\"><div class=\"wp-block-cover__image-background wp-image-1208 has-parallax\" style=\"background-position:50% 50%;background-image:url(https:\/\/www.snmc.pro\/wp-content\/uploads\/2024\/12\/01-1.jpg)\"><\/div><span aria-hidden=\"true\" class=\"wp-block-cover__background has-background-dim\" style=\"background-color:#75756b\"><\/span><div class=\"wp-block-cover__inner-container is-layout-flow wp-block-cover-is-layout-flow\">\n<p class=\"has-text-align-center\" style=\"font-size:25px\"><strong>TARIFS 202<\/strong>6<\/p>\n<\/div><\/div>\n\n\n\n<h2 class=\"wp-block-heading has-text-align-center\"><\/h2>\n\n\n\n<div style=\"height:30px\" aria-hidden=\"true\" class=\"wp-block-spacer\"><\/div>\n\n\n\n<p class=\"has-text-align-left has-accent-color has-text-color\" style=\"font-size:20px\">Les adh\u00e9rents du SNMC b\u00e9n\u00e9ficient des contrats d\u2019assurance groupe propos\u00e9s par l&rsquo;AN3S. L\u2019adh\u00e9sion syndicale des TNS offre \u00e9galement une protection juridique (il s\u2019agit bien d\u2019une v\u00e9ritable PJ, et non d&rsquo;une assistance juridique t\u00e9l\u00e9phonique) ainsi qu&rsquo;une GIA client (de base).<\/p>\n\n\n\n<div style=\"height:25px\" aria-hidden=\"true\" class=\"wp-block-spacer\"><\/div>\n\n\n\n<p class=\"has-medium-font-size\"><strong>Cotisation syndicale<\/strong><\/p>\n\n\n\n<table id=\"tablepress-1\" class=\"tablepress tablepress-id-1\">\n<tbody>\n<tr class=\"row-1\">\n\t<td class=\"column-1\"><strong>Stagiaire en formation sous convention de stage<br \/>\n<\/strong><br \/>\n<\/td><td class=\"column-2\"><strong>D\u00e9j\u00e0 adh\u00e9rent<br \/>\n(Reconduction de l\u2019adh\u00e9sion 2025)<br \/>\n<\/strong><\/td><td class=\"column-3\"><strong>Nouvel adh\u00e9rent (Adh\u00e9sion 2026)<\/strong><\/td><td class=\"column-4\"><strong>Structures <br \/>\nayant des professionnel(le)s salari\u00e9(e)s<strong><br \/>\n(Reconduction de l\u2019adh\u00e9sion 2025)<\/strong><br \/>\n<\/td><td class=\"column-5\"><strong><strong>Structures <br \/>\nayant des professionnel(le)s salari\u00e9(e)s<strong><br \/>\nNouvel adh\u00e9rent (Adh\u00e9sion 2026)<\/strong><br \/>\n<\/td>\n<\/tr>\n<tr class=\"row-2\">\n\t<td class=\"column-1\">118 \u20ac<\/td><td class=\"column-2\">131 \u20ac<\/td><td class=\"column-3\">144 \u20ac <\/td><td class=\"column-4\">131 \u20ac + 8 \u20ac par salari\u00e9(e) d\u00e9clar\u00e9(e)<\/td><td class=\"column-5\">144 \u20ac + 8 \u20ac par salari\u00e9(e) d\u00e9clar\u00e9(e)<\/td>\n<\/tr>\n<\/tbody>\n<\/table>\n<!-- #tablepress-1 from cache -->\n\n\n\n<div style=\"height:25px\" aria-hidden=\"true\" class=\"wp-block-spacer\"><\/div>\n\n\n\n<p class=\"has-accent-color has-text-color has-medium-font-size\"><strong>Assurance RC professionnelle<\/strong>.&nbsp;<\/p>\n\n\n\n<p class=\"has-text-align-left has-medium-font-size\">R\u00e9serv\u00e9 aux moniteurs sportifs ind\u00e9pendant ou travailleurs non salari\u00e9s sans employ\u00e9.<\/p>\n\n\n\n<p class=\"has-text-align-left has-medium-font-size\">Si vous \u00eates moniteurs dipl\u00f4m\u00e9s de plusieurs sports, la cotisation \u00e0 retenir est celle de la cat\u00e9gorie la plus \u00e9lev\u00e9e.&nbsp;Une seule cotisation d\u2019assurance pour toutes vos activit\u00e9s d\u2019\u00e9ducateur sportif.&nbsp;(Maximum de 7 activit\u00e9s distinctes, hors pr\u00e9rogatives du dipl\u00f4me ou brevet principal).<\/p>\n\n\n\n<table id=\"tablepress-8\" class=\"tablepress tablepress-id-8\">\n<tbody>\n<tr class=\"row-1\">\n\t<td class=\"column-1\"><strong>Tarifs<\/strong><\/td><td class=\"column-2\"><strong>Activit\u00e9s Physiques et Sportives Couvertes<\/strong><\/td>\n<\/tr>\n<tr class=\"row-2\">\n\t<td class=\"column-1\">64 \u20ac<\/td><td class=\"column-2\">Cat\u00e9gorie 1<br \/>\nCourse d\u2019orientation, marche nordique,<br \/>\nRandonn\u00e9e en couloirs souterrains<br \/>\nappel\u00e9s \u00ab tunnels de lave \u00bb, slackline<br \/>\n(Jusqu\u2019\u00e0 1,5 m\u00e8tre), tra\u00eeneau \u00e0 chiens,<br \/>\nmusher, randonn\u00e9e p\u00e9destre, raquette \u00e0 neige<br \/>\n(\u00e0 l\u2019exclusion des guides de haute montagne),<br \/>\njeux de plein air et de pleine nature<\/td>\n<\/tr>\n<tr class=\"row-3\">\n\t<td class=\"column-1\">80 \u20ac<\/td><td class=\"column-2\">Cat\u00e9gorie 1 bis<br \/>\nCourse d\u2019orientation, marche nordique, <br \/>\nCyclisme Cyclotourisme, Vtt et activit\u00e9s associ\u00e9es (<br \/>\ntrottinette, v\u00e9lo \u00e9lectrique, randonn\u00e9es\u2026)<\/td>\n<\/tr>\n<tr class=\"row-4\">\n\t<td class=\"column-1\">196 \u20ac<\/td><td class=\"column-2\">Cat\u00e9gorie 2<br \/>\nGrimpeurs encadrant dans les arbres, sports de<br \/>\nglisse sur piste, escalade (hors environnement <br \/>\nsp\u00e9cifique), via corda (r\u00e9serv\u00e9 aux dipl\u00f4mes<br \/>\n\u00e0 corde), Canyoning \u00e0 caract\u00e8re vertical V1 A1,<br \/>\nrandonn\u00e9e en couloirs souterrains appel\u00e9s<br \/>\n\u00ab tunnels de lave \u00bb \u00e0 caract\u00e8re V2<\/td>\n<\/tr>\n<tr class=\"row-5\">\n\t<td class=\"column-1\">263 \u20ac<\/td><td class=\"column-2\">Cat\u00e9gorie 3<br \/>\nSports en eaux vives, (cano\u00eb, kayak,), rafting, coastering.<\/td>\n<\/tr>\n<tr class=\"row-6\">\n\t<td class=\"column-1\">285 \u20ac<\/td><td class=\"column-2\">Cat\u00e9gorie 3 bis<br \/>\nEscalade (en environnement sp\u00e9cifique), via ferrata<\/td>\n<\/tr>\n<tr class=\"row-7\">\n\t<td class=\"column-1\">319 \u20ac<\/td><td class=\"column-2\">Cat\u00e9gorie 4<br \/>\nslackline (au-dessus de 1,5 m\u00e8tre), arts du cirque (*), sp\u00e9l\u00e9ologie <br \/>\nsans plong\u00e9e.<\/td>\n<\/tr>\n<tr class=\"row-8\">\n\t<td class=\"column-1\">330 \u20ac<\/td><td class=\"column-2\">Cat\u00e9gorie 4 bis<br \/>\nCanyoning, Randonn\u00e9e aquatique avec saut et toboggan<br \/>\n + IA CLIENT FORTEMENT CONSEILLEE<\/td>\n<\/tr>\n<tr class=\"row-9\">\n\t<td class=\"column-1\">370 \u20ac<\/td><td class=\"column-2\">Cat\u00e9gorie 5<br \/>\nPlong\u00e9e sous-marine (CA< ou = 100 K\u20ac), <br \/>\n+ IA CLIENT FORTEMENT CONSEILLEE<\/td>\n<\/tr>\n<tr class=\"row-10\">\n\t<td class=\"column-1\">1327 \u20ac<\/td><td class=\"column-2\">Cat\u00e9gorie 6<br \/>\nPendulaire, balan\u00e7oire a\u00e9rienne, sp\u00e9l\u00e9ologie<br \/>\navec plong\u00e9e, Toutes activit\u00e9s<br \/>\nd\u2019encadrement arbres (r\u00e9serv\u00e9 aux structures),<br \/>\nParcours acrobatique en hauteur<br \/>\n(r\u00e9serv\u00e9 aux structures), tyrolienne,<\/td>\n<\/tr>\n<tr class=\"row-11\">\n\t<td class=\"column-1\"><strong>(*)<\/strong><\/td><td class=\"column-2\">Conditions particuli\u00e8res pour les stagiaires<\/td>\n<\/tr>\n<\/tbody>\n<\/table>\n<!-- #tablepress-8 from cache -->\n\n\n\n<div style=\"height:20px\" aria-hidden=\"true\" class=\"wp-block-spacer\"><\/div>\n\n\n\n<p class=\"has-text-align-center\" style=\"font-size:20px\"><strong>En inclusion dans la couverture RCP <\/strong><em><strong> <\/strong><\/em><\/p>\n\n\n\n<ul class=\"wp-block-list\">\n<li class=\"has-medium-font-size\">B\u00e9n\u00e9ficie de la garantie&nbsp;<strong>vente \/ revente<\/strong> des prestations entre travailleurs ind\u00e9pendants quelle que soit la cat\u00e9gorie souscrite,&nbsp;\u00e0 un autre moniteur remplissant les conditions de dipl\u00f4me requises, que celui-ci soit assur\u00e9 par AXA AN3S ou non.<\/li>\n\n\n\n<li class=\"has-medium-font-size\">Organisation de manifestations festives y compris march\u00e9 local (dans la limite de 4 par an et par adh\u00e9rent) en relation avec l\u2019activit\u00e9 assur\u00e9e.&nbsp;<\/li>\n\n\n\n<li class=\"has-medium-font-size\">Equipement et entretien d&rsquo;installations escalade canyon.<\/li>\n\n\n\n<li class=\"has-medium-font-size\">+ RC location de mat\u00e9riel<\/li>\n\n\n\n<li class=\"has-medium-font-size\">Et les actions de formation escalade canyon, travaux en hauteur, inf\u00e9rieures \u00e0 6 mois :<\/li>\n<\/ul>\n\n\n\n<table id=\"tablepress-9\" class=\"tablepress tablepress-id-9\">\n<tbody>\n<tr class=\"row-1\">\n\t<td class=\"column-1\">Formation escalade canyon, travaux en hauteur<br \/>\nFr\u00e9quence \/ Dur\u00e9e<\/td><td class=\"column-2\">Pratique occasionnelle <br \/>\nmoins de 3 mois par an et moins de 30 000\u20ac de CA annuel<br \/>\n<\/td><td class=\"column-3\">moins de 6 mois par an et moins de 50 000\u20ac de CA annuel<\/td><td class=\"column-4\">Pratique annuelle,<br \/>\npour un CA annuel sup\u00e9rieur \u00e0 50 000\u20ac<\/td>\n<\/tr>\n<tr class=\"row-2\">\n\t<td class=\"column-1\">Tarif de l'assurance<br \/>\n(sous r\u00e9serve de disposer du dipl\u00f4me requis (BE\/DE\/CQP)<\/td><td class=\"column-2\">Inclus sans surprime dans la souscription<br \/>\ndu contrat RC pro (exclusivement r\u00e9serv\u00e9s aux moniteurs et \u00e9ducateurs d\u2019escalade, de sp\u00e9l\u00e9ologie et de canyoning).<\/td><td class=\"column-3\">Prime additionnelle <br \/>\nde 139\u20ac<br \/>\n(exclusivement r\u00e9serv\u00e9s aux moniteurs et \u00e9ducateurs d\u2019escalade, de sp\u00e9l\u00e9ologie et de canyoning)<\/td><td class=\"column-4\">Prime additionnelle de 489\u20ac<br \/>\n(exclusivement r\u00e9serv\u00e9s aux moniteurs et \u00e9ducateurs d\u2019escalade, de sp\u00e9l\u00e9ologie et de canyoning)<\/td>\n<\/tr>\n<\/tbody>\n<\/table>\n<!-- #tablepress-9 from cache -->\n\n\n\n<div style=\"height:25px\" aria-hidden=\"true\" class=\"wp-block-spacer\"><\/div>\n\n\n\n<p class=\"has-accent-color has-text-color has-medium-font-size\"><strong>Cotisations par soci\u00e9t\u00e9 exploitante<em>.<\/em>&nbsp;<\/strong><\/p>\n\n\n\n<p class=\"has-text-align-left has-medium-font-size\">R\u00e9serv\u00e9 aux soci\u00e9t\u00e9s ou aux travailleurs non salari\u00e9s employant des moniteurs salari\u00e9s.&nbsp;<\/p>\n\n\n\n<table id=\"tablepress-3\" class=\"tablepress tablepress-id-3\">\n<tbody>\n<tr class=\"row-1\">\n\t<td class=\"column-1\">Nombre <br \/>\nd'encadrants<br \/>\n par structure.<\/td><td class=\"column-2\">Cat\u00e9gorie 1<\/td><td class=\"column-3\">Cat\u00e9gorie 1 bis<\/td><td class=\"column-4\">Cat\u00e9gorie 2<\/td><td class=\"column-5\">Cat\u00e9gorie 3<\/td><td class=\"column-6\">Cat\u00e9gorie 3 bis<\/td><td class=\"column-7\">Cat\u00e9gorie 4<\/td><td class=\"column-8\">Cat\u00e9gorie 4 bis<\/td><td class=\"column-9\">Cat\u00e9gorie 5<\/td><td class=\"column-10\">Cat\u00e9gorie 6<\/td>\n<\/tr>\n<tr class=\"row-2\">\n\t<td class=\"column-1\">Soci\u00e9t\u00e9s <br \/>\nunipersonnelles<\/td><td class=\"column-2\">61\u20ac<\/td><td class=\"column-3\">76\u20ac<\/td><td class=\"column-4\">186\u20ac<\/td><td class=\"column-5\">250\u20ac<\/td><td class=\"column-6\">271\u20ac<\/td><td class=\"column-7\">303\u20ac<\/td><td class=\"column-8\">313\u20ac<\/td><td class=\"column-9\">351\u20ac<\/td><td class=\"column-10\">1260\u20ac<\/td>\n<\/tr>\n<tr class=\"row-3\">\n\t<td class=\"column-1\">2 moniteurs<\/td><td class=\"column-2\">122\u20ac<\/td><td class=\"column-3\">152\u20ac<\/td><td class=\"column-4\">372\u20ac<\/td><td class=\"column-5\">500\u20ac<\/td><td class=\"column-6\">542\u20ac<\/td><td class=\"column-7\">606\u20ac<\/td><td class=\"column-8\">626\u20ac<\/td><td class=\"column-9\">702\u20ac<\/td><td class=\"column-10\">2520\u20ac<\/td>\n<\/tr>\n<tr class=\"row-4\">\n\t<td class=\"column-1\">3 moniteurs<\/td><td class=\"column-2\">183\u20ac<\/td><td class=\"column-3\">228\u20ac<\/td><td class=\"column-4\">558\u20ac<\/td><td class=\"column-5\">750\u20ac<\/td><td class=\"column-6\">813\u20ac<\/td><td class=\"column-7\">909\u20ac<\/td><td class=\"column-8\">939\u20ac<\/td><td class=\"column-9\">1053\u20ac<\/td><td class=\"column-10\">3780\u20ac<\/td>\n<\/tr>\n<tr class=\"row-5\">\n\t<td class=\"column-1\">4 moniteurs<\/td><td class=\"column-2\">244\u20ac<\/td><td class=\"column-3\">304\u20ac<\/td><td class=\"column-4\">744\u20ac<\/td><td class=\"column-5\">1000\u20ac<\/td><td class=\"column-6\">1084\u20ac<\/td><td class=\"column-7\">1212\u20ac<\/td><td class=\"column-8\">1252\u20ac<\/td><td class=\"column-9\">1404\u20ac<\/td><td class=\"column-10\">5040\u20ac<\/td>\n<\/tr>\n<tr class=\"row-6\">\n\t<td class=\"column-1\">5 moniteurs<\/td><td class=\"column-2\">305\u20ac<\/td><td class=\"column-3\">380\u20ac<\/td><td class=\"column-4\">930\u20ac<\/td><td class=\"column-5\">1250\u20ac<\/td><td class=\"column-6\">1355\u20ac<\/td><td class=\"column-7\">1515\u20ac<\/td><td class=\"column-8\">1565\u20ac<\/td><td class=\"column-9\">1755\u20ac<\/td><td class=\"column-10\">6300\u20ac<\/td>\n<\/tr>\n<tr class=\"row-7\">\n\t<td class=\"column-1\">6 moniteurs<\/td><td class=\"column-2\">366\u20ac<\/td><td class=\"column-3\">456\u20ac<\/td><td class=\"column-4\">1116\u20ac<\/td><td class=\"column-5\">1500\u20ac<\/td><td class=\"column-6\">1626\u20ac<\/td><td class=\"column-7\">1818\u20ac<\/td><td class=\"column-8\">1878\u20ac<\/td><td class=\"column-9\">2106\u20ac<\/td><td class=\"column-10\">7560\u20ac<\/td>\n<\/tr>\n<\/tbody>\n<\/table>\n<!-- #tablepress-3 from cache -->\n\n\n\n<div style=\"height:25px\" aria-hidden=\"true\" class=\"wp-block-spacer\"><\/div>\n\n\n\n<p class=\"has-text-align-center has-medium-font-size\"><strong>Souscriptions optionnelles.<\/strong><\/p>\n\n\n\n<div style=\"height:25px\" aria-hidden=\"true\" class=\"wp-block-spacer\"><\/div>\n\n\n\n<p class=\"has-text-align-left has-accent-color has-text-color has-medium-font-size\"><strong>Garantie Individuelle Accident du client (GIA client)<\/strong><\/p>\n\n\n\n<p class=\"has-text-align-left\" style=\"font-size:20px\">Obligatoire pour les risques encourus aux prestations de services touristiques actifs en Aragon (Gioberno de Aragon Servicio Provincial de Agricultura Ganaderia y Medio Ambiente de Huesca)<\/p>\n\n\n\n<table id=\"tablepress-4\" class=\"tablepress tablepress-id-4\">\n<tbody>\n<tr class=\"row-1\">\n\t<td class=\"column-1\">CA du Moniteur Sportif<\/td><td class=\"column-2\">Souscription de base<\/td><td class=\"column-3\">Majoration Assistance et Rapatriement<\/td>\n<\/tr>\n<tr class=\"row-2\">\n\t<td class=\"column-1\">De 1 \u00e0 60 000\u20ac<\/td><td class=\"column-2\">30 \u20ac<\/td><td class=\"column-3\">+ 30 \u20ac <\/td>\n<\/tr>\n<tr class=\"row-3\">\n\t<td class=\"column-1\">De 60 001 \u00e0 100 000\u20ac<\/td><td class=\"column-2\">90 \u20ac<\/td><td class=\"column-3\">+ 65 \u20ac  <\/td>\n<\/tr>\n<tr class=\"row-4\">\n\t<td class=\"column-1\">De 100 001 \u00e0 150 000\u20ac<\/td><td class=\"column-2\">135 \u20ac<\/td><td class=\"column-3\">+ 100 \u20ac  <\/td>\n<\/tr>\n<tr class=\"row-5\">\n\t<td class=\"column-1\">De 150 001\u20ac \u00e0 300 000\u20ac<\/td><td class=\"column-2\">200 \u20ac<\/td><td class=\"column-3\">+ 150 \u20ac  <\/td>\n<\/tr>\n<\/tbody>\n<\/table>\n<!-- #tablepress-4 from cache -->\n\n\n\n<div style=\"height:25px\" aria-hidden=\"true\" class=\"wp-block-spacer\"><\/div>\n\n\n\n<p class=\"has-accent-color has-text-color has-medium-font-size\"><strong>Garantie Individuelle Accident du Moniteur (GIA moniteur sportif)<\/strong><\/p>\n\n\n\n<p class=\"has-text-align-left has-black-color has-text-color has-link-color has-medium-font-size wp-elements-3e59416065eaca36234f9bc416d64433\">Si vous \u00eates Moniteurs dipl\u00f4m\u00e9s de plusieurs sports (dans la limite de 3 maximum), la cotisation \u00e0 retenir sera celle du niveau le plus \u00e9lev\u00e9, y compris lors de la pratique des activit\u00e9s sportives \u00e0 titre de loisirs. <em>(Le d\u00e9lai de carence est de&nbsp;20 jours absolus)<\/em><\/p>\n\n\n\n<table id=\"tablepress-7\" class=\"tablepress tablepress-id-7\">\n<tbody>\n<tr class=\"row-1\">\n\t<td class=\"column-1\"><\/td><td class=\"column-2\">Option 1 <br \/>\nITT accident <br \/>\n25\u20ac\/ jour<br \/>\n<\/td><td class=\"column-3\">Option 3 <br \/>\nITT accident <br \/>\n45\u20ac\/ jour<\/td><td class=\"column-4\">Option 4 <br \/>\nITT accident<br \/>\n60 \u20ac\/ jour<\/td>\n<\/tr>\n<tr class=\"row-2\">\n\t<td class=\"column-1\">Cat\u00e9gorie 1<br \/>\nrandonn\u00e9e p\u00e9destre (hors terrain <br \/>\nde montagne).<\/td><td class=\"column-2\">49,45 \u20ac<\/td><td class=\"column-3\">75,90 \u20ac<\/td><td class=\"column-4\">89,70 \u20ac<\/td>\n<\/tr>\n<tr class=\"row-3\">\n\t<td class=\"column-1\">Cat\u00e9gorie 2 :<br \/>\nSports de montagne et assimil\u00e9s (randonn\u00e9e <br \/>\np\u00e9destre en montagne, raquette \u00e0 neige, <br \/>\nSki nordique, biathlon, course d\u2019orientation, <br \/>\nMarche nordique), cyclisme sur route, <br \/>\nCyclotourisme, run &amp; bike, <br \/>\nSlackline (limit\u00e9 \u00e0 1.50m), tra\u00eeneau \u00e0 <br \/>\nChiens, musher, course \u00e0 pied.<\/td><td class=\"column-2\">64,40 \u20ac<\/td><td class=\"column-3\">102,35 \u20ac<\/td><td class=\"column-4\">120,75 \u20ac<\/td>\n<\/tr>\n<tr class=\"row-4\">\n\t<td class=\"column-1\">Cat\u00e9gorie 3 :<br \/>\nSports de montagne et assimil\u00e9s II <br \/>\n(Accrobranche, via ferrata, via corda, <br \/>\nparc aventure, ski, snowboard et autres <br \/>\nglisses sur piste, luge, VTT, <br \/>\nPisteurs secouristes de ski nordique, <br \/>\nV\u00e9lo sur chemin blanc), sports <br \/>\nd\u2019eaux vives (cano\u00e9, kayak, rafting, <br \/>\nHydrospeed).<\/td><td class=\"column-2\">86,25 \u20ac<\/td><td class=\"column-3\">135,70 \u20ac<\/td><td class=\"column-4\">161,00 \u20ac<\/td>\n<\/tr>\n<tr class=\"row-5\">\n\t<td class=\"column-1\">Cat\u00e9gorie 4 :<br \/>\nSports de montagne et assimil\u00e9s III <br \/>\n(Alpinisme, ski, snowboard et autres <br \/>\nGlisses hors-piste, ski-alpinisme, <br \/>\nski de randonn\u00e9e, randonn\u00e9e glaciaire <br \/>\nEscalade, sp\u00e9l\u00e9ologie).<\/td><td class=\"column-2\">133,40 \u20ac<\/td><td class=\"column-3\">204,70 \u20ac<\/td><td class=\"column-4\">276,00 \u20ac<\/td>\n<\/tr>\n<tr class=\"row-6\">\n\t<td class=\"column-1\">Cat\u00e9gorie 4 bis :<br \/>\nCanyonisme<\/td><td class=\"column-2\">143,75 \u20ac<\/td><td class=\"column-3\">221,95 \u20ac<\/td><td class=\"column-4\">299,00 \u20ac<\/td>\n<\/tr>\n<tr class=\"row-7\">\n\t<td class=\"column-1\">Cat\u00e9gorie 5 :<br \/>\nsaut \u00e0 l\u2019\u00e9lastique. <\/td><td class=\"column-2\">189,75 \u20ac<\/td><td class=\"column-3\">287,50 \u20ac<\/td><td class=\"column-4\">412,85 \u20ac<\/td>\n<\/tr>\n<\/tbody>\n<\/table>\n<!-- #tablepress-7 from cache -->\n\n\n\n<div style=\"height:25px\" aria-hidden=\"true\" class=\"wp-block-spacer\"><\/div>\n\n\n\n<p class=\"has-medium-font-size\"><strong>En exclusivit\u00e9 \u2013 IA moniteur effectuant des travaux en hauteur<\/strong><\/p>\n\n\n\n<table id=\"tablepress-10\" class=\"tablepress tablepress-id-10\">\n<tbody>\n<tr class=\"row-1\">\n\t<td class=\"column-1\">Prime forfaitaire<\/td><td class=\"column-2\">Indemnit\u00e9s journali\u00e8res<\/td>\n<\/tr>\n<tr class=\"row-2\">\n\t<td class=\"column-1\">150 \u20ac<\/td><td class=\"column-2\">40\u20ac par jour pendant 180 jours max, avec 10 jours de franchise<\/td>\n<\/tr>\n<\/tbody>\n<\/table>\n<!-- #tablepress-10 from cache -->\n\n\n\n<p class=\"has-text-align-left has-medium-font-size\">Le pr\u00e9sent contrat a pour objet de garantir les adh\u00e9rents en cas de dommages corporels survenant exclusivement lorsqu\u2019ils effectuent des travaux en hauteur (\u00e9lagage, travaux sur corde\u2026) et en activit\u00e9 annexe. Ce contrat est ind\u00e9pendant du contrat de base&nbsp; GIA moniteur <\/p>\n\n\n\n<div style=\"height:25px\" aria-hidden=\"true\" class=\"wp-block-spacer\"><\/div>\n\n\n\n<p class=\"has-medium-font-size\"><strong>Fiche RC organisateur et prestataire de services sports et loisirs<\/strong> (Contrat individuel)<\/p>\n\n\n\n<p class=\"has-medium-font-size\">Dommages corporels, mat\u00e9riels et immat\u00e9riels cons\u00e9cutifs (RC Sous-Traitance, Vente revente hors An3S). Organisation de manifestations et \u00e9v\u00e8nements sans limitation du nombre (y compris sur la voie publique). Dommages aux biens mobiliers et aux biens confi\u00e9s ; Location de mat\u00e9riel, Faute inexcusable, Pollution, Atteinte \u00e0 l\u2019environnement, Intoxications alimentaires, D\u00e9fense Recours.<\/p>\n\n\n\n<p class=\"has-medium-font-size\"><a href=\"https:\/\/www.snmc.pro\/wp-content\/uploads\/2025\/12\/RC-ORGA-et-Presta-2026.pdf\">Notice d\u2019information<\/a><\/p>\n\n\n\n<p><\/p>\n","protected":false},"excerpt":{"rendered":"<p>Les adh\u00e9rents du SNMC b\u00e9n\u00e9ficient des contrats d\u2019assurance groupe propos\u00e9s par l&rsquo;AN3S. L\u2019adh\u00e9sion syndicale des TNS offre \u00e9galement une protection juridique (il s\u2019agit bien d\u2019une v\u00e9ritable PJ, et non d&rsquo;une assistance juridique t\u00e9l\u00e9phonique) ainsi qu&rsquo;une GIA client (de base). Cotisation syndicale Assurance RC professionnelle.&nbsp; R\u00e9serv\u00e9 aux moniteurs sportifs ind\u00e9pendant ou travailleurs non salari\u00e9s sans employ\u00e9. [&hellip;]<\/p>\n","protected":false},"author":1,"featured_media":0,"parent":0,"menu_order":0,"comment_status":"closed","ping_status":"closed","template":"","meta":{"footnotes":""},"class_list":["post-86","page","type-page","status-publish","hentry"],"_links":{"self":[{"href":"https:\/\/www.snmc.pro\/index.php?rest_route=\/wp\/v2\/pages\/86","targetHints":{"allow":["GET"]}}],"collection":[{"href":"https:\/\/www.snmc.pro\/index.php?rest_route=\/wp\/v2\/pages"}],"about":[{"href":"https:\/\/www.snmc.pro\/index.php?rest_route=\/wp\/v2\/types\/page"}],"author":[{"embeddable":true,"href":"https:\/\/www.snmc.pro\/index.php?rest_route=\/wp\/v2\/users\/1"}],"replies":[{"embeddable":true,"href":"https:\/\/www.snmc.pro\/index.php?rest_route=%2Fwp%2Fv2%2Fcomments&post=86"}],"version-history":[{"count":22,"href":"https:\/\/www.snmc.pro\/index.php?rest_route=\/wp\/v2\/pages\/86\/revisions"}],"predecessor-version":[{"id":2165,"href":"https:\/\/www.snmc.pro\/index.php?rest_route=\/wp\/v2\/pages\/86\/revisions\/2165"}],"wp:attachment":[{"href":"https:\/\/www.snmc.pro\/index.php?rest_route=%2Fwp%2Fv2%2Fmedia&parent=86"}],"curies":[{"name":"wp","href":"https:\/\/api.w.org\/{rel}","templated":true}]}}